{"id":1861,"date":"2021-06-02T19:25:06","date_gmt":"2021-06-02T19:25:06","guid":{"rendered":"https:\/\/salons-nl.weyou-cms.com\/tlm?page_id=1861"},"modified":"2022-11-03T15:13:12","modified_gmt":"2022-11-03T14:13:12","slug":"health-rules","status":"publish","type":"page","link":"https:\/\/www.transports-logistics-storage-one-to-one-meetings.nl\/en\/health-rules\/","title":{"rendered":"Health Rules"},"content":{"rendered":"<div class=\"wpb-content-wrapper\"><p>[vc_row][vc_column]\n\t\t\t<!-- START Banni\u00e8re pages REVOLUTION SLIDER 6.6.7 --><p class=\"rs-p-wp-fix\"><\/p>\n\t\t\t<rs-module-wrap id=\"rev_slider_3_1_wrapper\" data-source=\"post\" style=\"visibility:hidden;background:#acacac;padding:0;margin:0px auto;margin-top:0;margin-bottom:0;\">\n\t\t\t\t<rs-module id=\"rev_slider_3_1\" style=\"\" data-version=\"6.6.7\">\n\t\t\t\t\t<rs-slides style=\"overflow: hidden; position: absolute;\">\n\t\t\t\t\t\t<rs-slide style=\"position: absolute;\" data-key=\"rs-1861\" data-title=\"Health Rules\" data-in=\"o:0;\" data-out=\"a:false;\">\n\t\t\t\t\t\t\t<img decoding=\"async\" src=\"\/\/www.transports-logistics-storage-one-to-one-meetings.nl\/wp-content\/plugins\/revslider\/public\/assets\/assets\/dummy.png\" alt=\"\" title=\"TLPSM-bandeau-rubrique-1920&#215;300\" width=\"1920\" height=\"300\" class=\"rev-slidebg tp-rs-img rs-lazyload\" data-lazyload=\"\/\/weyoumedia.blob.core.windows.net\/tlm\/sites\/14\/2024\/10\/TLPSM-bandeau-rubrique-1920x300-1.jpg\" data-bg=\"p:40% 50%;\" data-no-retina>\n<!--\n\t\t\t\t\t\t\t--><rs-layer\n\t\t\t\t\t\t\t\tid=\"slider-3-slide-1861-layer-1\" \n\t\t\t\t\t\t\t\tdata-type=\"text\"\n\t\t\t\t\t\t\t\tdata-xy=\"xo:27px;y:m;\"\n\t\t\t\t\t\t\t\tdata-text=\"w:normal;s:50;l:53;fw:500;\"\n\t\t\t\t\t\t\t\tdata-dim=\"w:50%,50%,50%,100%;\"\n\t\t\t\t\t\t\t\tdata-frame_999=\"o:0;st:w;\"\n\t\t\t\t\t\t\t\tstyle=\"z-index:8;font-family:'Roboto';text-transform:uppercase;\"\n\t\t\t\t\t\t\t><h1>Health Rules<\/h1><p><\/p> \n\t\t\t\t\t\t\t<\/rs-layer><!--\n-->\t\t\t\t\t\t<\/rs-slide>\n\t\t\t\t\t<\/rs-slides>\n\t\t\t\t\t<rs-static-layers><!--\n\t\t\t\t\t--><\/rs-static-layers>\n\t\t\t\t<\/rs-module>\n\t\t\t\t<script>\n\t\t\t\t\tsetREVStartSize({c: 'rev_slider_3_1',rl:[1240,1024,778,480],el:[300,200,200,280],gw:[1650,1024,778,480],gh:[300,200,200,280],type:'hero',justify:'',layout:'fullwidth',mh:\"450\"});if (window.RS_MODULES!==undefined && window.RS_MODULES.modules!==undefined && window.RS_MODULES.modules[\"revslider31\"]!==undefined) {window.RS_MODULES.modules[\"revslider31\"].once = false;window.revapi3 = undefined;if (window.RS_MODULES.checkMinimal!==undefined) window.RS_MODULES.checkMinimal()}\n\t\t\t\t<\/script>\n\t\t\t<\/rs-module-wrap>\n\t\t\t<!-- END REVOLUTION SLIDER -->\n[\/vc_column][\/vc_row][vc_row][vc_column css=&#8221;.vc_custom_1622652515206{margin-top: -20px !important;}&#8221;]<div id=\"wyvc-section-title-8842\" class=\"wyvc-section-title wyvc-shortcode wyvc-section-title-2 \">\r\n\t<div class=\"wyvc-st-inner\">\r\n\t\t\t\t\t<div class=\"wyvc-st-title\">\r\n\t\t\t\t<h4>HEALTH RECOMMENDATIONS<\/h4>\n\t\t\t<\/div>\r\n\t\t\t\t\t<\/div>\r\n<\/div>\r\n[\/vc_column][\/vc_row][vc_row][vc_column css=&#8221;.vc_custom_1622652515206{margin-top: -20px !important;}&#8221;][vc_row_inner][vc_column_inner width=&#8221;1\/4&#8243;][vc_single_image image=&#8221;2253&#8243; img_size=&#8221;thumbnail&#8221; alignment=&#8221;center&#8221;][vc_column_text]<\/p>\n<p style=\"text-align: center\">Recommanded Mask<\/p>\n<p>[\/vc_column_text][\/vc_column_inner][vc_column_inner width=&#8221;1\/4&#8243;][vc_single_image image=&#8221;2254&#8243; img_size=&#8221;thumbnail&#8221; alignment=&#8221;center&#8221;][\/vc_column_inner][vc_column_inner width=&#8221;1\/4&#8243;][vc_single_image image=&#8221;2255&#8243; img_size=&#8221;thumbnail&#8221; alignment=&#8221;center&#8221;][\/vc_column_inner][vc_column_inner width=&#8221;1\/4&#8243;][vc_single_image image=&#8221;2256&#8243; img_size=&#8221;thumbnail&#8221; alignment=&#8221;center&#8221;][\/vc_column_inner][\/vc_row_inner][\/vc_column][\/vc_row][vc_row][vc_column css=&#8221;.vc_custom_1622652515206{margin-top: -20px !important;}&#8221;][vc_column_text]<\/p>\n<p style=\"text-align: center\">These measures may change depending on government and prefectoral decisions.<\/p>\n<p style=\"text-align: center\">Go to <a href=\"https:\/\/www.weyou-group.com\/regles-sanitaires\/\">https:\/\/www.weyou-group.com\/regles-sanitaires<\/a><\/p>\n<p>[\/vc_column_text][\/vc_column][\/vc_row][vc_row disable_element=&#8221;yes&#8221;][vc_column][vc_column_text]<\/p>\n<p>Tout est mis en \u0153uvre pour vous permettre de profiter au maximum de l&#8217;\u00e9v\u00e9nement dans des conditions de s\u00e9curit\u00e9 optimales.<\/p>\n<p>L&#8217;ensemble de nos mesures sanitaires sont \u00e9dict\u00e9es selon <strong>les informations gouvernementales<\/strong> et <strong>l\u2019Union Fran\u00e7aise des M\u00e9tiers de l\u2019\u00c9v\u00e9nement (UNIMEV).<\/strong><br \/>\nCes derni\u00e8res seront r\u00e9guli\u00e8rement contr\u00f4l\u00e9es et actualis\u00e9es en fonction des directives gouvernementales et pr\u00e9fectorales<\/p>\n<p>[\/vc_column_text][vc_empty_space][vc_row_inner][vc_column_inner width=&#8221;1\/2&#8243;]<div class=\"wyvc-button-wrapper wyvc-btn-center\">\r\n\t<a class=\"wyvc-button wyvc-shortcode \" >\r\n\t\t<span class=\"wyvc-btn-text\">CONSULTER LE SITE DU GOUVERNEMENT<\/span>\r\n\t<\/a>\r\n<\/div>[\/vc_column_inner][vc_column_inner width=&#8221;1\/2&#8243;]<div class=\"wyvc-button-wrapper wyvc-btn-center\">\r\n\t<a class=\"wyvc-button wyvc-shortcode \" >\r\n\t\t<span class=\"wyvc-btn-text\">CONSULTER LE SITE DE L&#039;UNIMEV<\/span>\r\n\t<\/a>\r\n<\/div>[\/vc_column_inner][\/vc_row_inner][\/vc_column][\/vc_row]<\/p>\n<\/div>","protected":false},"excerpt":{"rendered":"<p>[vc_row][vc_column][\/vc_column][\/vc_row][vc_row][vc_column css=&#8221;.vc_custom_1622652515206{margin-top: -20px !important;}&#8221;][\/vc_column][\/vc_row][vc_row][vc_column css=&#8221;.vc_custom_1622652515206{margin-top: -20px !important;}&#8221;][vc_row_inner][vc_column_inner width=&#8221;1\/4&#8243;][vc_single_image image=&#8221;2253&#8243; img_size=&#8221;thumbnail&#8221; alignment=&#8221;center&#8221;][vc_column_text] Recommanded Mask [\/vc_column_text][\/vc_column_inner][vc_column_inner width=&#8221;1\/4&#8243;][vc_single_image image=&#8221;2254&#8243; img_size=&#8221;thumbnail&#8221; alignment=&#8221;center&#8221;][\/vc_column_inner][vc_column_inner width=&#8221;1\/4&#8243;][vc_single_image image=&#8221;2255&#8243; img_size=&#8221;thumbnail&#8221; alignment=&#8221;center&#8221;][\/vc_column_inner][vc_column_inner width=&#8221;1\/4&#8243;][vc_single_image image=&#8221;2256&#8243; img_size=&#8221;thumbnail&#8221; alignment=&#8221;center&#8221;][\/vc_column_inner][\/vc_row_inner][\/vc_column][\/vc_row][vc_row][vc_column css=&#8221;.vc_custom_1622652515206{margin-top: -20px !important;}&#8221;][vc_column_text] These measures may change depending on government and prefectoral decisions. Go to https:\/\/www.weyou-group.com\/regles-sanitaires [\/vc_column_text][\/vc_column][\/vc_row][vc_row disable_element=&#8221;yes&#8221;][vc_column][vc_column_text] Tout est mis en \u0153uvre pour vous permettre de profiter au [&hellip;]<\/p>\n","protected":false},"author":15,"featured_media":0,"parent":0,"menu_order":0,"comment_status":"closed","ping_status":"closed","template":"","meta":{"footnotes":""},"class_list":["post-1861","page","type-page","status-publish","hentry"],"yoast_head":"<!-- This site is optimized with the Yoast SEO plugin v26.9 - https:\/\/yoast.com\/product\/yoast-seo-wordpress\/ -->\n<title>Health Rules - Transports &amp; Logistics 360 - Intralogistics - One to one Meetings<\/title>\n<meta name=\"robots\" content=\"index, follow, max-snippet:-1, max-image-preview:large, max-video-preview:-1\" \/>\n<link rel=\"canonical\" href=\"https:\/\/www.transports-logistics-storage-one-to-one-meetings.nl\/en\/health-rules\/\" \/>\n<meta property=\"og:locale\" content=\"en_US\" \/>\n<meta property=\"og:type\" content=\"article\" \/>\n<meta property=\"og:title\" content=\"Health Rules - Transports &amp; Logistics 360 - Intralogistics - One to one Meetings\" \/>\n<meta property=\"og:description\" content=\"[vc_row][vc_column][\/vc_column][\/vc_row][vc_row][vc_column css=&#8221;.vc_custom_1622652515206{margin-top: -20px !important;}&#8221;][\/vc_column][\/vc_row][vc_row][vc_column css=&#8221;.vc_custom_1622652515206{margin-top: -20px !important;}&#8221;][vc_row_inner][vc_column_inner width=&#8221;1\/4&#8243;][vc_single_image image=&#8221;2253&#8243; img_size=&#8221;thumbnail&#8221; alignment=&#8221;center&#8221;][vc_column_text] Recommanded Mask [\/vc_column_text][\/vc_column_inner][vc_column_inner width=&#8221;1\/4&#8243;][vc_single_image image=&#8221;2254&#8243; img_size=&#8221;thumbnail&#8221; alignment=&#8221;center&#8221;][\/vc_column_inner][vc_column_inner width=&#8221;1\/4&#8243;][vc_single_image image=&#8221;2255&#8243; img_size=&#8221;thumbnail&#8221; alignment=&#8221;center&#8221;][\/vc_column_inner][vc_column_inner width=&#8221;1\/4&#8243;][vc_single_image image=&#8221;2256&#8243; img_size=&#8221;thumbnail&#8221; alignment=&#8221;center&#8221;][\/vc_column_inner][\/vc_row_inner][\/vc_column][\/vc_row][vc_row][vc_column css=&#8221;.vc_custom_1622652515206{margin-top: -20px !important;}&#8221;][vc_column_text] These measures may change depending on government and prefectoral decisions. Go to https:\/\/www.weyou-group.com\/regles-sanitaires [\/vc_column_text][\/vc_column][\/vc_row][vc_row disable_element=&#8221;yes&#8221;][vc_column][vc_column_text] Tout est mis en \u0153uvre pour vous permettre de profiter au [&hellip;]\" \/>\n<meta property=\"og:url\" content=\"https:\/\/www.transports-logistics-storage-one-to-one-meetings.nl\/en\/health-rules\/\" \/>\n<meta property=\"og:site_name\" content=\"Transports &amp; Logistics 360 - Intralogistics - One to one Meetings\" \/>\n<meta property=\"article:modified_time\" content=\"2022-11-03T14:13:12+00:00\" \/>\n<meta name=\"twitter:card\" content=\"summary_large_image\" \/>\n<meta name=\"twitter:label1\" content=\"Est. reading time\" \/>\n\t<meta name=\"twitter:data1\" content=\"1 minute\" \/>\n<script type=\"application\/ld+json\" class=\"yoast-schema-graph\">{\"@context\":\"https:\/\/schema.org\",\"@graph\":[{\"@type\":\"WebPage\",\"@id\":\"https:\/\/www.transports-logistics-storage-one-to-one-meetings.nl\/en\/health-rules\/\",\"url\":\"https:\/\/www.transports-logistics-storage-one-to-one-meetings.nl\/en\/health-rules\/\",\"name\":\"Health Rules - Transports &amp; Logistics 360 - Intralogistics - One to one Meetings\",\"isPartOf\":{\"@id\":\"https:\/\/www.transports-logistics-storage-one-to-one-meetings.nl\/en\/#website\"},\"datePublished\":\"2021-06-02T19:25:06+00:00\",\"dateModified\":\"2022-11-03T14:13:12+00:00\",\"breadcrumb\":{\"@id\":\"https:\/\/www.transports-logistics-storage-one-to-one-meetings.nl\/en\/health-rules\/#breadcrumb\"},\"inLanguage\":\"en-US\",\"potentialAction\":[{\"@type\":\"ReadAction\",\"target\":[\"https:\/\/www.transports-logistics-storage-one-to-one-meetings.nl\/en\/health-rules\/\"]}]},{\"@type\":\"BreadcrumbList\",\"@id\":\"https:\/\/www.transports-logistics-storage-one-to-one-meetings.nl\/en\/health-rules\/#breadcrumb\",\"itemListElement\":[{\"@type\":\"ListItem\",\"position\":1,\"name\":\"Home\",\"item\":\"https:\/\/www.transports-logistics-storage-one-to-one-meetings.nl\/en\/\"},{\"@type\":\"ListItem\",\"position\":2,\"name\":\"Health Rules\"}]},{\"@type\":\"WebSite\",\"@id\":\"https:\/\/www.transports-logistics-storage-one-to-one-meetings.nl\/en\/#website\",\"url\":\"https:\/\/www.transports-logistics-storage-one-to-one-meetings.nl\/en\/\",\"name\":\"Transports Logistics and Pack Storage One to one Meetings\",\"description\":\"\",\"publisher\":{\"@id\":\"https:\/\/www.transports-logistics-storage-one-to-one-meetings.nl\/en\/#organization\"},\"potentialAction\":[{\"@type\":\"SearchAction\",\"target\":{\"@type\":\"EntryPoint\",\"urlTemplate\":\"https:\/\/www.transports-logistics-storage-one-to-one-meetings.nl\/en\/?s={search_term_string}\"},\"query-input\":{\"@type\":\"PropertyValueSpecification\",\"valueRequired\":true,\"valueName\":\"search_term_string\"}}],\"inLanguage\":\"en-US\"},{\"@type\":\"Organization\",\"@id\":\"https:\/\/www.transports-logistics-storage-one-to-one-meetings.nl\/en\/#organization\",\"name\":\"Transports Logistics and Pack Storage One to one Meetings\",\"url\":\"https:\/\/www.transports-logistics-storage-one-to-one-meetings.nl\/en\/\",\"logo\":{\"@type\":\"ImageObject\",\"inLanguage\":\"en-US\",\"@id\":\"https:\/\/www.transports-logistics-storage-one-to-one-meetings.nl\/en\/#\/schema\/logo\/image\/\",\"url\":\"https:\/\/weyoumedia.blob.core.windows.net\/tlm-nl\/sites\/9\/2026\/04\/TLM-LOGO-NL-site-couleur.png\",\"contentUrl\":\"https:\/\/weyoumedia.blob.core.windows.net\/tlm-nl\/sites\/9\/2026\/04\/TLM-LOGO-NL-site-couleur.png\",\"width\":151,\"height\":151,\"caption\":\"Transports Logistics and Pack Storage One to one Meetings\"},\"image\":{\"@id\":\"https:\/\/www.transports-logistics-storage-one-to-one-meetings.nl\/en\/#\/schema\/logo\/image\/\"},\"sameAs\":[\"https:\/\/www.linkedin.com\/company\/logistics-meetings\/\",\"https:\/\/www.youtube.com\/channel\/UC26vS5fiqy2nHBAwlkp2aOw\"]}]}<\/script>\n<!-- \/ Yoast SEO plugin. -->","yoast_head_json":{"title":"Health Rules - Transports &amp; Logistics 360 - Intralogistics - One to one Meetings","robots":{"index":"index","follow":"follow","max-snippet":"max-snippet:-1","max-image-preview":"max-image-preview:large","max-video-preview":"max-video-preview:-1"},"canonical":"https:\/\/www.transports-logistics-storage-one-to-one-meetings.nl\/en\/health-rules\/","og_locale":"en_US","og_type":"article","og_title":"Health Rules - Transports &amp; Logistics 360 - Intralogistics - One to one Meetings","og_description":"[vc_row][vc_column][\/vc_column][\/vc_row][vc_row][vc_column css=&#8221;.vc_custom_1622652515206{margin-top: -20px !important;}&#8221;][\/vc_column][\/vc_row][vc_row][vc_column css=&#8221;.vc_custom_1622652515206{margin-top: -20px !important;}&#8221;][vc_row_inner][vc_column_inner width=&#8221;1\/4&#8243;][vc_single_image image=&#8221;2253&#8243; img_size=&#8221;thumbnail&#8221; alignment=&#8221;center&#8221;][vc_column_text] Recommanded Mask [\/vc_column_text][\/vc_column_inner][vc_column_inner width=&#8221;1\/4&#8243;][vc_single_image image=&#8221;2254&#8243; img_size=&#8221;thumbnail&#8221; alignment=&#8221;center&#8221;][\/vc_column_inner][vc_column_inner width=&#8221;1\/4&#8243;][vc_single_image image=&#8221;2255&#8243; img_size=&#8221;thumbnail&#8221; alignment=&#8221;center&#8221;][\/vc_column_inner][vc_column_inner width=&#8221;1\/4&#8243;][vc_single_image image=&#8221;2256&#8243; img_size=&#8221;thumbnail&#8221; alignment=&#8221;center&#8221;][\/vc_column_inner][\/vc_row_inner][\/vc_column][\/vc_row][vc_row][vc_column css=&#8221;.vc_custom_1622652515206{margin-top: -20px !important;}&#8221;][vc_column_text] These measures may change depending on government and prefectoral decisions. Go to https:\/\/www.weyou-group.com\/regles-sanitaires [\/vc_column_text][\/vc_column][\/vc_row][vc_row disable_element=&#8221;yes&#8221;][vc_column][vc_column_text] Tout est mis en \u0153uvre pour vous permettre de profiter au [&hellip;]","og_url":"https:\/\/www.transports-logistics-storage-one-to-one-meetings.nl\/en\/health-rules\/","og_site_name":"Transports &amp; Logistics 360 - Intralogistics - One to one Meetings","article_modified_time":"2022-11-03T14:13:12+00:00","twitter_card":"summary_large_image","twitter_misc":{"Est. reading time":"1 minute"},"schema":{"@context":"https:\/\/schema.org","@graph":[{"@type":"WebPage","@id":"https:\/\/www.transports-logistics-storage-one-to-one-meetings.nl\/en\/health-rules\/","url":"https:\/\/www.transports-logistics-storage-one-to-one-meetings.nl\/en\/health-rules\/","name":"Health Rules - Transports &amp; Logistics 360 - Intralogistics - One to one Meetings","isPartOf":{"@id":"https:\/\/www.transports-logistics-storage-one-to-one-meetings.nl\/en\/#website"},"datePublished":"2021-06-02T19:25:06+00:00","dateModified":"2022-11-03T14:13:12+00:00","breadcrumb":{"@id":"https:\/\/www.transports-logistics-storage-one-to-one-meetings.nl\/en\/health-rules\/#breadcrumb"},"inLanguage":"en-US","potentialAction":[{"@type":"ReadAction","target":["https:\/\/www.transports-logistics-storage-one-to-one-meetings.nl\/en\/health-rules\/"]}]},{"@type":"BreadcrumbList","@id":"https:\/\/www.transports-logistics-storage-one-to-one-meetings.nl\/en\/health-rules\/#breadcrumb","itemListElement":[{"@type":"ListItem","position":1,"name":"Home","item":"https:\/\/www.transports-logistics-storage-one-to-one-meetings.nl\/en\/"},{"@type":"ListItem","position":2,"name":"Health Rules"}]},{"@type":"WebSite","@id":"https:\/\/www.transports-logistics-storage-one-to-one-meetings.nl\/en\/#website","url":"https:\/\/www.transports-logistics-storage-one-to-one-meetings.nl\/en\/","name":"Transports Logistics and Pack Storage One to one Meetings","description":"","publisher":{"@id":"https:\/\/www.transports-logistics-storage-one-to-one-meetings.nl\/en\/#organization"},"potentialAction":[{"@type":"SearchAction","target":{"@type":"EntryPoint","urlTemplate":"https:\/\/www.transports-logistics-storage-one-to-one-meetings.nl\/en\/?s={search_term_string}"},"query-input":{"@type":"PropertyValueSpecification","valueRequired":true,"valueName":"search_term_string"}}],"inLanguage":"en-US"},{"@type":"Organization","@id":"https:\/\/www.transports-logistics-storage-one-to-one-meetings.nl\/en\/#organization","name":"Transports Logistics and Pack Storage One to one Meetings","url":"https:\/\/www.transports-logistics-storage-one-to-one-meetings.nl\/en\/","logo":{"@type":"ImageObject","inLanguage":"en-US","@id":"https:\/\/www.transports-logistics-storage-one-to-one-meetings.nl\/en\/#\/schema\/logo\/image\/","url":"https:\/\/weyoumedia.blob.core.windows.net\/tlm-nl\/sites\/9\/2026\/04\/TLM-LOGO-NL-site-couleur.png","contentUrl":"https:\/\/weyoumedia.blob.core.windows.net\/tlm-nl\/sites\/9\/2026\/04\/TLM-LOGO-NL-site-couleur.png","width":151,"height":151,"caption":"Transports Logistics and Pack Storage One to one Meetings"},"image":{"@id":"https:\/\/www.transports-logistics-storage-one-to-one-meetings.nl\/en\/#\/schema\/logo\/image\/"},"sameAs":["https:\/\/www.linkedin.com\/company\/logistics-meetings\/","https:\/\/www.youtube.com\/channel\/UC26vS5fiqy2nHBAwlkp2aOw"]}]}},"_links":{"self":[{"href":"https:\/\/www.transports-logistics-storage-one-to-one-meetings.nl\/en\/wp-json\/wp\/v2\/pages\/1861","targetHints":{"allow":["GET"]}}],"collection":[{"href":"https:\/\/www.transports-logistics-storage-one-to-one-meetings.nl\/en\/wp-json\/wp\/v2\/pages"}],"about":[{"href":"https:\/\/www.transports-logistics-storage-one-to-one-meetings.nl\/en\/wp-json\/wp\/v2\/types\/page"}],"author":[{"embeddable":true,"href":"https:\/\/www.transports-logistics-storage-one-to-one-meetings.nl\/en\/wp-json\/wp\/v2\/users\/15"}],"replies":[{"embeddable":true,"href":"https:\/\/www.transports-logistics-storage-one-to-one-meetings.nl\/en\/wp-json\/wp\/v2\/comments?post=1861"}],"version-history":[{"count":0,"href":"https:\/\/www.transports-logistics-storage-one-to-one-meetings.nl\/en\/wp-json\/wp\/v2\/pages\/1861\/revisions"}],"wp:attachment":[{"href":"https:\/\/www.transports-logistics-storage-one-to-one-meetings.nl\/en\/wp-json\/wp\/v2\/media?parent=1861"}],"curies":[{"name":"wp","href":"https:\/\/api.w.org\/{rel}","templated":true}]}}